{"id":9,"date":"2024-05-14T10:44:40","date_gmt":"2024-05-14T08:44:40","guid":{"rendered":"https:\/\/elegancia-immobilier.com\/?page_id=9"},"modified":"2024-05-15T12:08:54","modified_gmt":"2024-05-15T10:08:54","slug":"welcome-to-it-residence-pro","status":"publish","type":"page","link":"https:\/\/elegancia-immobilier.com\/","title":{"rendered":"<h1 style=\"text-align: center;\"><\/h1><h1 style=\"text-align: center;\"><\/h1>"},"content":{"rendered":"<p>Vous souhaitez conna\u00eetre la valeur de votre bien ? Vous avez des questions sur la r\u00e9alisation de votre projet immobilier ?<br \/>\nB\u00e9n\u00e9ficiez des conseils de professionnels exp\u00e9riment\u00e9s pour r\u00e9ussir votre vente ou votre recherche immobili\u00e8re !<\/p>\n","protected":false},"excerpt":{"rendered":"<p>Vous souhaitez conna\u00eetre la valeur de votre bien ? Vous avez des questions sur la r\u00e9alisation de votre projet immobilier ? B\u00e9n\u00e9ficiez des conseils de professionnels exp\u00e9riment\u00e9s pour r\u00e9ussir votre vente ou votre recherche immobili\u00e8re !<\/p>\n","protected":false},"author":1,"featured_media":0,"parent":0,"menu_order":0,"comment_status":"closed","ping_status":"closed","template":"","meta":{"footnotes":""},"class_list":["post-9","page","type-page","status-publish","hentry"],"_links":{"self":[{"href":"https:\/\/elegancia-immobilier.com\/index.php\/wp-json\/wp\/v2\/pages\/9","targetHints":{"allow":["GET"]}}],"collection":[{"href":"https:\/\/elegancia-immobilier.com\/index.php\/wp-json\/wp\/v2\/pages"}],"about":[{"href":"https:\/\/elegancia-immobilier.com\/index.php\/wp-json\/wp\/v2\/types\/page"}],"author":[{"embeddable":true,"href":"https:\/\/elegancia-immobilier.com\/index.php\/wp-json\/wp\/v2\/users\/1"}],"replies":[{"embeddable":true,"href":"https:\/\/elegancia-immobilier.com\/index.php\/wp-json\/wp\/v2\/comments?post=9"}],"version-history":[{"count":8,"href":"https:\/\/elegancia-immobilier.com\/index.php\/wp-json\/wp\/v2\/pages\/9\/revisions"}],"predecessor-version":[{"id":60,"href":"https:\/\/elegancia-immobilier.com\/index.php\/wp-json\/wp\/v2\/pages\/9\/revisions\/60"}],"wp:attachment":[{"href":"https:\/\/elegancia-immobilier.com\/index.php\/wp-json\/wp\/v2\/media?parent=9"}],"curies":[{"name":"wp","href":"https:\/\/api.w.org\/{rel}","templated":true}]}}